{"id":3,"date":"2025-04-05T13:39:43","date_gmt":"2025-04-05T11:39:43","guid":{"rendered":"http:\/\/mikatimteam.fr\/?page_id=3"},"modified":"2025-04-07T11:10:17","modified_gmt":"2025-04-07T09:10:17","slug":"politique-de-confidentialite","status":"publish","type":"page","link":"https:\/\/mikatimteam.fr\/?page_id=3","title":{"rendered":"Politique de confidentialit\u00e9"},"content":{"rendered":"\n<h2 class=\"wp-block-heading\">1. Introduction<\/h2>\n\n\n\n<p>Nous attachons une grande importance \u00e0 la protection de votre vie priv\u00e9e. Cette politique de confidentialit\u00e9 a pour objectif de vous informer de mani\u00e8re claire et transparente sur les donn\u00e9es que nous collectons (ou non) lorsque vous utilisez nos applications.<\/p>\n\n\n\n<h3 class=\"wp-block-heading\">2. Donn\u00e9es personnelles<\/h3>\n\n\n\n<p>Nous ne collectons <strong>aucune donn\u00e9e personnelle<\/strong> vous concernant lors de l&rsquo;utilisation de nos applications.<br>Aucune information (nom, pr\u00e9nom, adresse email, etc.) n\u2019est demand\u00e9e, stock\u00e9e, ou utilis\u00e9e.<\/p>\n\n\n\n<h3 class=\"wp-block-heading\">3. Cookies<\/h3>\n\n\n\n<p>Nos applications <strong>n\u2019utilisent aucun cookie<\/strong>, ni traceur, que ce soit \u00e0 des fins techniques, statistiques ou publicitaires.<br>Aucune information n\u2019est enregistr\u00e9e sur votre navigateur.<\/p>\n\n\n\n<p><\/p>\n","protected":false},"excerpt":{"rendered":"<p>1. Introduction Nous attachons une grande importance \u00e0 la protection de votre vie priv\u00e9e. Cette politique de confidentialit\u00e9 a pour objectif de vous informer de mani\u00e8re claire et transparente sur les donn\u00e9es que nous collectons (ou non) lorsque vous utilisez nos applications. 2. Donn\u00e9es personnelles Nous ne collectons aucune donn\u00e9e personnelle vous concernant lors de [&hellip;]<\/p>\n","protected":false},"author":1,"featured_media":0,"parent":0,"menu_order":0,"comment_status":"closed","ping_status":"open","template":"","meta":{"footnotes":""},"class_list":["post-3","page","type-page","status-publish","hentry"],"_links":{"self":[{"href":"https:\/\/mikatimteam.fr\/index.php?rest_route=\/wp\/v2\/pages\/3","targetHints":{"allow":["GET"]}}],"collection":[{"href":"https:\/\/mikatimteam.fr\/index.php?rest_route=\/wp\/v2\/pages"}],"about":[{"href":"https:\/\/mikatimteam.fr\/index.php?rest_route=\/wp\/v2\/types\/page"}],"author":[{"embeddable":true,"href":"https:\/\/mikatimteam.fr\/index.php?rest_route=\/wp\/v2\/users\/1"}],"replies":[{"embeddable":true,"href":"https:\/\/mikatimteam.fr\/index.php?rest_route=%2Fwp%2Fv2%2Fcomments&post=3"}],"version-history":[{"count":2,"href":"https:\/\/mikatimteam.fr\/index.php?rest_route=\/wp\/v2\/pages\/3\/revisions"}],"predecessor-version":[{"id":13,"href":"https:\/\/mikatimteam.fr\/index.php?rest_route=\/wp\/v2\/pages\/3\/revisions\/13"}],"wp:attachment":[{"href":"https:\/\/mikatimteam.fr\/index.php?rest_route=%2Fwp%2Fv2%2Fmedia&parent=3"}],"curies":[{"name":"wp","href":"https:\/\/api.w.org\/{rel}","templated":true}]}}