{"id":8,"date":"2025-04-06T16:08:56","date_gmt":"2025-04-06T14:08:56","guid":{"rendered":"https:\/\/mikatimteam.fr\/?page_id=8"},"modified":"2025-04-07T12:43:23","modified_gmt":"2025-04-07T10:43:23","slug":"regles-du-jeu-tim-421","status":"publish","type":"page","link":"https:\/\/mikatimteam.fr\/?page_id=8","title":{"rendered":"R\u00e8gles du jeu TIM 421"},"content":{"rendered":"\n<p>Chaque joueur commence par lancer un d\u00e9. Le joueur qui obtient le plus petit score est celui qui d\u00e9bute la partie. En cas d&rsquo;\u00e9galit\u00e9, chaque joueur relance son d\u00e9 jusqu&rsquo;\u00e0 \u00eatre d\u00e9partag\u00e9.<\/p>\n\n\n\n<p>Le jeu se compose alors de 2 phases, la charge et la d\u00e9charge.<\/p>\n\n\n\n<p>Durant la phase de charge, un ensemble de 11 fiches, appel\u00e9 la banque, va \u00eatre distribu\u00e9 aux joueurs jusqu&rsquo;\u00e0 \u00e9puisement de la banque.<\/p>\n\n\n\n<p>Pour cela, chaque joueur lance \u00e0 tour de r\u00f4le les 3 d\u00e9s, celui obtenant le plus mauvais score prend alors le nombre de fiches correspondant au score de son adversaire.<\/p>\n\n\n\n<p>Les combinaisons de d\u00e9s et le nombre de fiches correspondant sont les suivants (par ordre d\u00e9croissant des scores des combinaisons):<\/p>\n\n\n\n<p>421 &#8211; 8 fiches<\/p>\n\n\n\n<p>111 &#8211; 7 fiches<\/p>\n\n\n\n<p>611 &#8211; 6 fiches<\/p>\n\n\n\n<p>666 &#8211; 6 fiches<\/p>\n\n\n\n<p>511 &#8211; 5 fiches<\/p>\n\n\n\n<p>555 &#8211; 5 fiches<\/p>\n\n\n\n<p>411 &#8211; 4 fiches<\/p>\n\n\n\n<p>444 &#8211; 4 fiches<\/p>\n\n\n\n<p>311 &#8211; 3 fiches<\/p>\n\n\n\n<p>333 &#8211; 3 fiches<\/p>\n\n\n\n<p>211 &#8211; 2 fiches<\/p>\n\n\n\n<p>222 &#8211; 2 fiches<\/p>\n\n\n\n<p>211 &#8211; 2 fiches<\/p>\n\n\n\n<p>654 &#8211; 2 fiches<\/p>\n\n\n\n<p>543 &#8211; 2 fiches<\/p>\n\n\n\n<p>432 &#8211; 2 fiches<\/p>\n\n\n\n<p>321 &#8211; 2 fiches<\/p>\n\n\n\n<p>665 &#8211; 1 fiche<\/p>\n\n\n\n<p>664 &#8211; 1 fiche<\/p>\n\n\n\n<p>etc &#8230;  par ordre d\u00e9croissant<\/p>\n\n\n\n<p>Par exemple, si le joueur 1 tire les d\u00e9s 554 et le joueur 2 tire 333, le joueur 1 prendra 3 fiches.<\/p>\n\n\n\n<p>Le joueur perdant joue le premier au tour suivant.<\/p>\n\n\n\n<p>En cas d&rsquo;\u00e9galit\u00e9, chaque joueur relance un tour de d\u00e9s, \u00e0 commencer par le dernier joueur ayant jou\u00e9.<\/p>\n\n\n\n<p>N\u00e9nette 221: Dans le cas sp\u00e9cifique du tirage 221 (plus petit score appel\u00e9 N\u00e9nette), le joueur prend 2 fiches quelque soit le tirage de son adversaire.<\/p>\n\n\n\n<p>Lorsque toutes les fiches ont \u00e9t\u00e9 distribu\u00e9es (banque \u00e0 0), il y a 2 possibilit\u00e9s.<\/p>\n\n\n\n<p>Si un joueur a re\u00e7u les 11 fiches de la banque, il est d\u00e9clar\u00e9 perdant. Il prend alors une fiche de manche.<\/p>\n\n\n\n<p>Sinon, la phase de d\u00e9charge peut commencer.<\/p>\n\n\n\n<p>Pendant la d\u00e9charge, les joueurs vont se distribuer entre eux les fiches en leur possession, le gagnant \u00e9tant celui qui parviendra \u00e0 avoir distribu\u00e9 toutes ses fiches \u00e0 l&rsquo;adversaire.<\/p>\n\n\n\n<p>Pour cela, chaque joueur peut lancer ses d\u00e9s fois, en gardant \u00e0 chaque fois les d\u00e9s qu&rsquo;il souhaite pour tenter de former les meilleurs combinaisons.<\/p>\n\n\n\n<p>Si le premier joueur d\u00e9cide de s&rsquo;arr\u00eater \u00e0 un jet ou deux jets, le joueur suivant n&rsquo;aura droit \u00e9galement qu&rsquo;\u00e0 un ou deux jets.<\/p>\n\n\n\n<p>Le joueur dit \u00ab\u00a0sec!\u00a0\u00bb lorsqu&rsquo;il s&rsquo;arr\u00eate \u00e0 un jet, \u00ab\u00a0en 2!\u00a0\u00bb lorsqu&rsquo;il s&rsquo;arr\u00eate \u00e0 2 jets ou \u00ab\u00a0\u00e0 fond!\u00a0\u00bb lorsqu&rsquo;il s&rsquo;arr\u00eate aux bout des 3 jets.<\/p>\n\n\n\n<p>Le joueur ayant r\u00e9alis\u00e9 le plus petit score re\u00e7oit de son adversaire le nombre de fiches correspondant.<\/p>\n\n\n\n<p>Lorsqu&rsquo;un joueur a re\u00e7u les 11 fiches, il est d\u00e9clar\u00e9 perdant et prends une fiche de manche.<\/p>\n\n\n\n<p>La manche suivante peut alors d\u00e9buter avec une nouvelle charge et les 11 fiches \u00e0 la banque.<\/p>\n\n\n\n<p>D\u00e8s qu&rsquo;un joueur atteint 2 fiches de manches, il a perdu la partie.<\/p>\n","protected":false},"excerpt":{"rendered":"<p>Chaque joueur commence par lancer un d\u00e9. Le joueur qui obtient le plus petit score est celui qui d\u00e9bute la partie. En cas d&rsquo;\u00e9galit\u00e9, chaque joueur relance son d\u00e9 jusqu&rsquo;\u00e0 \u00eatre d\u00e9partag\u00e9. Le jeu se compose alors de 2 phases, la charge et la d\u00e9charge. Durant la phase de charge, un ensemble de 11 fiches, [&hellip;]<\/p>\n","protected":false},"author":1,"featured_media":0,"parent":0,"menu_order":0,"comment_status":"closed","ping_status":"closed","template":"","meta":{"footnotes":""},"class_list":["post-8","page","type-page","status-publish","hentry"],"_links":{"self":[{"href":"https:\/\/mikatimteam.fr\/index.php?rest_route=\/wp\/v2\/pages\/8","targetHints":{"allow":["GET"]}}],"collection":[{"href":"https:\/\/mikatimteam.fr\/index.php?rest_route=\/wp\/v2\/pages"}],"about":[{"href":"https:\/\/mikatimteam.fr\/index.php?rest_route=\/wp\/v2\/types\/page"}],"author":[{"embeddable":true,"href":"https:\/\/mikatimteam.fr\/index.php?rest_route=\/wp\/v2\/users\/1"}],"replies":[{"embeddable":true,"href":"https:\/\/mikatimteam.fr\/index.php?rest_route=%2Fwp%2Fv2%2Fcomments&post=8"}],"version-history":[{"count":2,"href":"https:\/\/mikatimteam.fr\/index.php?rest_route=\/wp\/v2\/pages\/8\/revisions"}],"predecessor-version":[{"id":16,"href":"https:\/\/mikatimteam.fr\/index.php?rest_route=\/wp\/v2\/pages\/8\/revisions\/16"}],"wp:attachment":[{"href":"https:\/\/mikatimteam.fr\/index.php?rest_route=%2Fwp%2Fv2%2Fmedia&parent=8"}],"curies":[{"name":"wp","href":"https:\/\/api.w.org\/{rel}","templated":true}]}}